{"id":2,"date":"2019-03-18T10:57:10","date_gmt":"2019-03-18T09:57:10","guid":{"rendered":"https:\/\/www.absurdo-emden.de\/?page_id=2"},"modified":"2024-12-14T20:05:43","modified_gmt":"2024-12-14T19:05:43","slug":"startseite","status":"publish","type":"page","link":"https:\/\/www.absurdo-emden.de\/","title":{"rendered":"Willkommen bei absurdo"},"content":{"rendered":"\n<p>Gegr\u00fcndet im Januar 1999<br><strong>Der Name:&nbsp;<\/strong> ein Wortspiel aus &#8222;<em>absurd<\/em> &#8220; und &#8222;<em>Surdo<\/em> &#8222;<\/p>\n\n\n\n<p><em>absurd<\/em><strong>&nbsp;ist es, eine Band im k\u00fchlen Ostfriesland zu gr\u00fcnden, die hei\u00dfe brasilianische Musik macht, zum Beispiel auf <\/strong><em>Surdos<\/em><strong>, den gro\u00dfen Trommeln.<\/strong><\/p>\n\n\n\n<p><\/p>\n","protected":false},"excerpt":{"rendered":"<p>Gegr\u00fcndet im Januar 1999Der Name:&nbsp; ein Wortspiel aus &#8222;absurd &#8220; und &#8222;Surdo &#8222; absurd&nbsp;ist es, eine Band im k\u00fchlen Ostfriesland zu gr\u00fcnden, die hei\u00dfe brasilianische Musik macht, zum Beispiel auf Surdos, den gro\u00dfen Trommeln.<\/p>\n","protected":false},"author":1,"featured_media":112,"parent":0,"menu_order":0,"comment_status":"closed","ping_status":"closed","template":"","meta":{"footnotes":""},"class_list":["post-2","page","type-page","status-publish","has-post-thumbnail","hentry"],"_links":{"self":[{"href":"https:\/\/www.absurdo-emden.de\/index.php?rest_route=\/wp\/v2\/pages\/2","targetHints":{"allow":["GET"]}}],"collection":[{"href":"https:\/\/www.absurdo-emden.de\/index.php?rest_route=\/wp\/v2\/pages"}],"about":[{"href":"https:\/\/www.absurdo-emden.de\/index.php?rest_route=\/wp\/v2\/types\/page"}],"author":[{"embeddable":true,"href":"https:\/\/www.absurdo-emden.de\/index.php?rest_route=\/wp\/v2\/users\/1"}],"replies":[{"embeddable":true,"href":"https:\/\/www.absurdo-emden.de\/index.php?rest_route=%2Fwp%2Fv2%2Fcomments&post=2"}],"version-history":[{"count":10,"href":"https:\/\/www.absurdo-emden.de\/index.php?rest_route=\/wp\/v2\/pages\/2\/revisions"}],"predecessor-version":[{"id":102,"href":"https:\/\/www.absurdo-emden.de\/index.php?rest_route=\/wp\/v2\/pages\/2\/revisions\/102"}],"wp:featuredmedia":[{"embeddable":true,"href":"https:\/\/www.absurdo-emden.de\/index.php?rest_route=\/wp\/v2\/media\/112"}],"wp:attachment":[{"href":"https:\/\/www.absurdo-emden.de\/index.php?rest_route=%2Fwp%2Fv2%2Fmedia&parent=2"}],"curies":[{"name":"wp","href":"https:\/\/api.w.org\/{rel}","templated":true}]}}