{"id":28,"date":"2019-03-18T12:02:06","date_gmt":"2019-03-18T12:02:06","guid":{"rendered":"https:\/\/www.absurdo-emden.de\/?page_id=28"},"modified":"2019-03-19T09:44:44","modified_gmt":"2019-03-19T08:44:44","slug":"presse","status":"publish","type":"page","link":"https:\/\/www.absurdo-emden.de\/?page_id=28","title":{"rendered":"Presse"},"content":{"rendered":"\n<p style=\"font-size:15px\">&#8222;Ab 17.00 Uhr startet ein unterhaltsames Programm mit viel Musik: Den Auftakt machen &#8222;Absurdo&#8220; SambaOstfriesland, die zuletzt auf dem Auricher Stadtfest wieder einmal das Publikum begeisterten&#8220;.<br><strong>Anzeiger f\u00fcr das Harlinger Land<\/strong><\/p>\n\n\n\n<p style=\"font-size:15px\">&#8222;Das diesj\u00e4hrige Sommerhighlight des 29. Auricher Stadtfestes war wie im Vorjahr die Gruppe &#8222;Absurdo &#8211; SambaOstfriesland, die mit ihren hei\u00dfen Rhythmen zum Mittanzen einluden.&#8220; <br><strong>Anzeiger f.d. Harlingerland<\/strong> <\/p>\n\n\n\n<p style=\"font-size:15px\">&#8222;Auch die Percussion-Verst\u00e4rkung mit Engelbert Sommer, Peter Thiemann, Antje Kattenbeck und bei zwei Nummern mit der gesamten Samba-Truppe &#8222;ABSURDO&#8220;, passte ins Programm.&#8220; <br><strong>Emder Zeitung<\/strong><\/p>\n\n\n\n<p style=\"font-size:15px\">&#8222;F\u00fcr Begeisterungsst\u00fcrme sorgte die Formation &#8222;ABSURDO&#8220; SambaOstfriesland, die mit hei\u00dfen Rhythmen selbst das Blut der sonst sturen Ostfriesen zum Kochen brachte.&#8220;<br><strong>Anzeiger f\u00fcr das Harlinger Land<\/strong><\/p>\n\n\n\n<p style=\"font-size:15px\">&#8222;Man konnte seinen Spa\u00df mit den Trommeln und den brasilianischen Rhythmen von &#8222;ABSURDO&#8220; haben, die aus gutem Grund zu den st\u00e4ndigen G\u00e4sten des Stadtfestes geh\u00f6ren&#8220; <br><strong>Ostfriesische Nachrichten<\/strong><\/p>\n\n\n\n<p style=\"font-size:15px\">&#8222;ABSURDO heizte mit hei\u00dfen Sambarhythmen den Drachenbootfahrern ein&#8220;<br><strong>Ostfriesen Zeitung<\/strong><\/p>\n\n\n\n<p style=\"font-size:15px\">&#8222;Beeindruckende Presswerk-Performance durch die Formation &#8222;ABSURDO&#8220;<br><strong>Teamtime\u00a0 VW-Werkszeitung, Werk Emden<\/strong><\/p>\n\n\n\n<p style=\"font-size:15px\">&#8222;Ein Highlight des 26. Auricher Stadtfestes waren die Emder Samba-Trommler &#8222;ABSURDO&#8220;<br><strong>Ostfriesische Nachrichten <\/strong><\/p>\n\n\n\n<p style=\"font-size:15px\">&#8222;Ein tolles Rhythmik-Fass machte die Sambagruppe &#8222;ABSURDO&#8220; auf und begeisterte das Publikum&#8220;<br><strong>Wilhemshavener Zeitung <\/strong><\/p>\n\n\n\n<p style=\"font-size:15px\">&#8222;Bunte Farben und hei\u00dfe Rhythmen wie beim Karneval in Rio: Samba Batucada Formation &#8222;ABSURDO&#8220; aus Emden.&#8220;<br><strong>Teamtime, VW-Werkszeitung <\/strong><\/p>\n\n\n\n<p style=\"font-size:15px\">&#8222;ABSURDO er\u00f6ffnete mit gewaltigen rhythmischen Trommeln das k\u00fcnstlerische Programm&#8220; <br><strong>Ostfr. Kurier <\/strong><\/p>\n\n\n\n<p style=\"font-size:15px\">&#8222;ABSURDO lockte die Menschen aus ihren H\u00e4usern auf den Kirchplatz&#8220; <br><strong>Ostfriesen Zeitung<\/strong>\u00a0 <\/p>\n\n\n\n<p style=\"font-size:15px\">&#8222;Besonders die pr\u00e4chtige Sambagruppe &#8222;ABSURDO&#8220; schaffte es mit ihren Trommeln, Zuschauer und Aktive richtig einzustimmen &#8211; <br><strong>Emder Zeitung<\/strong><\/p>\n","protected":false},"excerpt":{"rendered":"<p>&#8222;Ab 17.00 Uhr startet ein unterhaltsames Programm mit viel Musik: Den Auftakt machen &#8222;Absurdo&#8220; SambaOstfriesland, die zuletzt auf dem Auricher Stadtfest wieder einmal das Publikum begeisterten&#8220;.Anzeiger f\u00fcr das Harlinger Land &#8222;Das diesj\u00e4hrige Sommerhighlight des 29. Auricher Stadtfestes war wie im Vorjahr die Gruppe &#8222;Absurdo &#8211; SambaOstfriesland, die mit ihren hei\u00dfen Rhythmen zum Mittanzen einluden.&#8220; Anzeiger &hellip; <a href=\"https:\/\/www.absurdo-emden.de\/?page_id=28\" class=\"more-link\"><span class=\"screen-reader-text\">Presse<\/span> weiterlesen<\/a><\/p>\n","protected":false},"author":1,"featured_media":0,"parent":0,"menu_order":0,"comment_status":"closed","ping_status":"closed","template":"","meta":{"footnotes":""},"class_list":["post-28","page","type-page","status-publish","hentry"],"_links":{"self":[{"href":"https:\/\/www.absurdo-emden.de\/index.php?rest_route=\/wp\/v2\/pages\/28","targetHints":{"allow":["GET"]}}],"collection":[{"href":"https:\/\/www.absurdo-emden.de\/index.php?rest_route=\/wp\/v2\/pages"}],"about":[{"href":"https:\/\/www.absurdo-emden.de\/index.php?rest_route=\/wp\/v2\/types\/page"}],"author":[{"embeddable":true,"href":"https:\/\/www.absurdo-emden.de\/index.php?rest_route=\/wp\/v2\/users\/1"}],"replies":[{"embeddable":true,"href":"https:\/\/www.absurdo-emden.de\/index.php?rest_route=%2Fwp%2Fv2%2Fcomments&post=28"}],"version-history":[{"count":3,"href":"https:\/\/www.absurdo-emden.de\/index.php?rest_route=\/wp\/v2\/pages\/28\/revisions"}],"predecessor-version":[{"id":83,"href":"https:\/\/www.absurdo-emden.de\/index.php?rest_route=\/wp\/v2\/pages\/28\/revisions\/83"}],"wp:attachment":[{"href":"https:\/\/www.absurdo-emden.de\/index.php?rest_route=%2Fwp%2Fv2%2Fmedia&parent=28"}],"curies":[{"name":"wp","href":"https:\/\/api.w.org\/{rel}","templated":true}]}}